{"id":5,"date":"2017-03-06T09:50:16","date_gmt":"2017-03-06T09:50:16","guid":{"rendered":"http:\/\/chrislangohr-design.de\/?page_id=5"},"modified":"2025-04-04T08:39:14","modified_gmt":"2025-04-04T08:39:14","slug":"about","status":"publish","type":"page","link":"https:\/\/chrislangohr-design.de\/?page_id=5","title":{"rendered":"BIO"},"content":{"rendered":"<p><img loading=\"lazy\" decoding=\"async\" class=\"alignnone size-medium wp-image-8\" src=\"https:\/\/chrislangohr-design.de\/wp-content\/uploads\/2017\/03\/Polaroid_me_2017-246x300.jpg\" alt=\"\" width=\"246\" height=\"300\" srcset=\"https:\/\/chrislangohr-design.de\/wp-content\/uploads\/2017\/03\/Polaroid_me_2017-246x300.jpg 246w, https:\/\/chrislangohr-design.de\/wp-content\/uploads\/2017\/03\/Polaroid_me_2017-768x935.jpg 768w, https:\/\/chrislangohr-design.de\/wp-content\/uploads\/2017\/03\/Polaroid_me_2017-450x548.jpg 450w, https:\/\/chrislangohr-design.de\/wp-content\/uploads\/2017\/03\/Polaroid_me_2017-600x730.jpg 600w, https:\/\/chrislangohr-design.de\/wp-content\/uploads\/2017\/03\/Polaroid_me_2017.jpg 806w\" sizes=\"auto, (max-width: 246px) 100vw, 246px\" \/><\/p>\n<p>Chris Langohr ist Grafik-Designer und Illustrator. Sein Studium absolvierte er an der Freiburger Grafik Schule und sp\u00e4ter an der Freien Hochschule f\u00fcr Grafik-Design und Bildende Kunst Freiburg, wo er im Sommer 2010 seinen Abschluss machte. Seitdem arbeitet er als selbstst\u00e4ndiger Designer vorwiegend f\u00fcr Verlage und Agenturen und fertigt Printmedien jeglicher Art f\u00fcr Theater und freischaffende K\u00fcnstler an.<em><br \/>\n<\/em><\/p>\n<p>Mit diversen Illustrationen und Comics schuf er sich ein zweites Standbein, dem nicht zuletzt seine eigene Comicreihe, Mell&#8217;s World, entsprang. Er ist Mitherausgeber von CAT I AM (Comics &amp; Art together in a Magazine) und von Surcomixxxx No.4 &#8211; Noir. In regelm\u00e4\u00dfig statt findenden Comic-Workshops unterst\u00fctzt er interessierte Jugendliche bei ihren ersten Versuchen des Comiczeichnens.<\/p>\n<p>Er geh\u00f6rte zum Organisationsteam des ILLU Festivals (Festival Illustration Freiburg), das alle zwei Jahre stattfindet.<\/p>\n<p>Sein Interesse an verschiedenen Kunstrichtungen und -str\u00f6mungen setzt er in unterschiedlichsten Techniken und Motiven seiner Malerei um.<\/p>\n<p>2021 er\u00f6ffnete er seinen Printshop. Im Programm gibt es zur Zeit Postkarten und Kunstdrucke. Die Postkarten zeigen u.a. seine Gem\u00e4lde oder regional-illustrative Motive. Die signierten und nummerierten Kunstdrucke (im Format A3) besch\u00e4ftigen sich mit seinen Gem\u00e4lden.<\/p>\n<p>Weitere Arbeiten finden Sie auf:<br \/>\n<a href=\"https:\/\/www.instagram.com\/chrislangohrdesign\">www.instagram.com\/chris_langohr_art<\/a><\/p>\n<p><strong>Kunden<br \/>\n<\/strong><\/p>\n<p>Antoniter Grundschule (Nimburg)<\/p>\n<p>ARTBECK &#8211; Geb\u00e4udemanagement (Freiburg)<\/p>\n<p>bemerkt \u2013 Design- und Werbeagentur in Freiburg<\/p>\n<p>Verlag Barbara Budrich (Leverkusen)<\/p>\n<p>Carl-Schurz-Haus \/ Deutsch Amerikanisches Institut e.V. Freiburg<\/p>\n<p>Timo Ernst (Schlagzeuger)<\/p>\n<p>Feuerwehr Ortenaukreis<\/p>\n<p>FORUM Junge Anwaltschaft (Berlin)<\/p>\n<p>Frederking &amp; Thaler (Verlag)<\/p>\n<p>Freiburg Knights e.V. (Baseballverein)<\/p>\n<p>Fundevogel (Kinder- und Jugendbuchhandlung Freiburg)<\/p>\n<p>Gemeinde March<\/p>\n<p>GeraNova Bruckmann (Verlagshaus)<\/p>\n<p>Herder Verlag (Freiburg, M\u00fcnchen, Berlin, Rom)<\/p>\n<p>Jonas Hoenig (Bassist, Jazzmusiker)<\/p>\n<p>jugitatio Rechtsanw\u00e4lte (Freiburg)<\/p>\n<p>Kulturamt Freiburg<\/p>\n<p>la t\u00eate (Coverband, Freiburg)<\/p>\n<p>Maggie Horrer (Jazzs\u00e4ngering)<\/p>\n<p>Marcher Wochenmarkt<\/p>\n<p>MUSIKWERK ROCKT (Freiburg)<\/p>\n<p>Narayana Verlag (Kandern)<\/p>\n<p>Nataly Ritzel (Autorin, Performerin, Videok\u00fcnstlerin)<\/p>\n<p>Ralf Bausch (Autor)<\/p>\n<p>Robert Podgajny (Rechtsanwalt)<\/p>\n<p>S kommuniziert &#8211; Werbung, Marketing, Kommunikation (Freiburg)<\/p>\n<p>Sch\u00e4tzle&#8217;s Schreibladen (Hugstetten)<\/p>\n<p>Silberburg Verlag (T\u00fcbingen)<\/p>\n<p>SUTTON Verlag (Erfurt)<\/p>\n<p>Textagentur Geppert (Reute)<\/p>\n<p>texthungrig! (Mexico City)<\/p>\n<p>White and Grey Films Freiburg<\/p>\n<p>wiseape GmbH Werbeagentur in Freiburg<\/p>\n<p>Wunderlich &amp; Weigand &#8211; B\u00fcro f\u00fcr Gestaltung (Schw\u00e4bisch Hall)<\/p>\n<p>Yew Valley Inc. (New York, USA)<\/p>\n<p><strong>Ver\u00f6ffentlichungen<\/strong><\/p>\n<p>2010 &#8211; Surcomixxxx 3<\/p>\n<p>2013 &#8211; CAT I AM #1<\/p>\n<p>2013 &#8211; actlife (Titel, Illustration)<\/p>\n<p>2014 &#8211; Surcomixxxx 4 &#8211; Noir<\/p>\n<p>2014 &#8211; ILLUbuch<\/p>\n<p>2019 &#8211; CAT I AM #2<\/p>\n<p><strong>Ausstellungen<\/strong><\/p>\n<p>2013 \/ 2015 \/ 2017 &#8211; ILLU (Festival Illustration, Freiburg)<\/p>\n<p>2015 &#8211; Kunstverein Kirchzarten (Originale \u2013 An der Grenze zur Kunst)<\/p>\n<p>2017 &#8211; Sparkasse Kirchzarten (Stil voll)<\/p>\n<p>2017 &#8211; Galerie Thomas Menzel (High and Low, Kenzingen)<\/p>\n<p>2019 &#8211; Kunstverein March<\/p>\n<p>2025 &#8211; Rathaus March (Kunst im Foyer) &#8211; Abstract Art &amp; Pop-Cubism (Solo Ausstellung)<\/p>\n","protected":false},"excerpt":{"rendered":"<p>Chris Langohr ist Grafik-Designer und Illustrator. Sein Studium absolvierte er an der Freiburger Grafik Schule und sp\u00e4ter an der Freien Hochschule f\u00fcr Grafik-Design und Bildende Kunst Freiburg, wo er im [&hellip;]<\/p>\n","protected":false},"author":1,"featured_media":0,"parent":0,"menu_order":2,"comment_status":"closed","ping_status":"closed","template":"page-fullwidth.php","meta":{"footnotes":""},"class_list":["post-5","page","type-page","status-publish","hentry"],"_links":{"self":[{"href":"https:\/\/chrislangohr-design.de\/index.php?rest_route=\/wp\/v2\/pages\/5","targetHints":{"allow":["GET"]}}],"collection":[{"href":"https:\/\/chrislangohr-design.de\/index.php?rest_route=\/wp\/v2\/pages"}],"about":[{"href":"https:\/\/chrislangohr-design.de\/index.php?rest_route=\/wp\/v2\/types\/page"}],"author":[{"embeddable":true,"href":"https:\/\/chrislangohr-design.de\/index.php?rest_route=\/wp\/v2\/users\/1"}],"replies":[{"embeddable":true,"href":"https:\/\/chrislangohr-design.de\/index.php?rest_route=%2Fwp%2Fv2%2Fcomments&post=5"}],"version-history":[{"count":47,"href":"https:\/\/chrislangohr-design.de\/index.php?rest_route=\/wp\/v2\/pages\/5\/revisions"}],"predecessor-version":[{"id":687,"href":"https:\/\/chrislangohr-design.de\/index.php?rest_route=\/wp\/v2\/pages\/5\/revisions\/687"}],"wp:attachment":[{"href":"https:\/\/chrislangohr-design.de\/index.php?rest_route=%2Fwp%2Fv2%2Fmedia&parent=5"}],"curies":[{"name":"wp","href":"https:\/\/api.w.org\/{rel}","templated":true}]}}